{"id":924,"date":"2023-10-12T22:47:48","date_gmt":"2023-10-12T20:47:48","guid":{"rendered":"https:\/\/anahealthcoach.es\/?page_id=924"},"modified":"2024-02-19T12:42:19","modified_gmt":"2024-02-19T11:42:19","slug":"sobre-mi","status":"publish","type":"page","link":"https:\/\/anahealthcoach.es\/?page_id=924","title":{"rendered":"Sobre m\u00ed"},"content":{"rendered":"\t\t<div data-elementor-type=\"wp-page\" data-elementor-id=\"924\" class=\"elementor elementor-924\">\n\t\t\t\t<div class=\"elementor-element elementor-element-55253a2 e-flex e-con-boxed e-con e-parent\" data-id=\"55253a2\" data-element_type=\"container\">\n\t\t\t\t\t<div class=\"e-con-inner\">\n\t\t<div class=\"elementor-element elementor-element-2371a9c e-con-full e-flex e-con e-child\" data-id=\"2371a9c\" data-element_type=\"container\">\n\t\t\t\t<div class=\"elementor-element elementor-element-c11ddc2 elementor-align-left elementor-list-item-link-full_width elementor-widget elementor-widget-icon-list\" data-id=\"c11ddc2\" data-element_type=\"widget\" data-widget_type=\"icon-list.default\">\n\t\t\t\t<div class=\"elementor-widget-container\">\n\t\t\t<link rel=\"stylesheet\" href=\"https:\/\/anahealthcoach.es\/wp-content\/plugins\/elementor\/assets\/css\/widget-icon-list.min.css\">\t\t<ul class=\"elementor-icon-list-items\">\n\t\t\t\t\t\t\t<li class=\"elementor-icon-list-item\">\n\t\t\t\t\t\t\t\t\t\t\t<span class=\"elementor-icon-list-icon\">\n\t\t\t\t\t\t\t<i aria-hidden=\"true\" class=\"fas fa-chevron-right\"><\/i>\t\t\t\t\t\t<\/span>\n\t\t\t\t\t\t\t\t\t\t<span class=\"elementor-icon-list-text\">GRADO EN BIOQU\u00cdMICA POR LA UNIVERSIDAD DE BARCELONA<\/span>\n\t\t\t\t\t\t\t\t\t<\/li>\n\t\t\t\t\t\t\t\t<li class=\"elementor-icon-list-item\">\n\t\t\t\t\t\t\t\t\t\t\t<span class=\"elementor-icon-list-icon\">\n\t\t\t\t\t\t\t<i aria-hidden=\"true\" class=\"fas fa-chevron-right\"><\/i>\t\t\t\t\t\t<\/span>\n\t\t\t\t\t\t\t\t\t\t<span class=\"elementor-icon-list-text\">M\u00c1STER EN PSICONEUROINMUNOLOG\u00cdA CL\u00cdNICA<\/span>\n\t\t\t\t\t\t\t\t\t<\/li>\n\t\t\t\t\t\t\t\t<li class=\"elementor-icon-list-item\">\n\t\t\t\t\t\t\t\t\t\t\t<span class=\"elementor-icon-list-icon\">\n\t\t\t\t\t\t\t<i aria-hidden=\"true\" class=\"fas fa-chevron-right\"><\/i>\t\t\t\t\t\t<\/span>\n\t\t\t\t\t\t\t\t\t\t<span class=\"elementor-icon-list-text\">M\u00c1STER EN MONITORIZACI\u00d3N DE ENSAYOS CL\u00cdNICOS Y DESARROLLO FARMAC\u00c9UTICO<\/span>\n\t\t\t\t\t\t\t\t\t<\/li>\n\t\t\t\t\t\t\t\t<li class=\"elementor-icon-list-item\">\n\t\t\t\t\t\t\t\t\t\t\t<span class=\"elementor-icon-list-icon\">\n\t\t\t\t\t\t\t<i aria-hidden=\"true\" class=\"fas fa-chevron-right\"><\/i>\t\t\t\t\t\t<\/span>\n\t\t\t\t\t\t\t\t\t\t<span class=\"elementor-icon-list-text\">M\u00c1STER EN NUTRICI\u00d3N, DIET\u00c9TICA Y COACHING NUTRICIONAL<\/span>\n\t\t\t\t\t\t\t\t\t<\/li>\n\t\t\t\t\t\t\t\t<li class=\"elementor-icon-list-item\">\n\t\t\t\t\t\t\t\t\t\t\t<span class=\"elementor-icon-list-icon\">\n\t\t\t\t\t\t\t<i aria-hidden=\"true\" class=\"fas fa-chevron-right\"><\/i>\t\t\t\t\t\t<\/span>\n\t\t\t\t\t\t\t\t\t\t<span class=\"elementor-icon-list-text\">POSGRADO DE MICROBIOTA HUMANA<\/span>\n\t\t\t\t\t\t\t\t\t<\/li>\n\t\t\t\t\t\t\t\t<li class=\"elementor-icon-list-item\">\n\t\t\t\t\t\t\t\t\t\t\t<span class=\"elementor-icon-list-icon\">\n\t\t\t\t\t\t\t<i aria-hidden=\"true\" class=\"fas fa-chevron-right\"><\/i>\t\t\t\t\t\t<\/span>\n\t\t\t\t\t\t\t\t\t\t<span class=\"elementor-icon-list-text\">CURSO TERAPIA BREVE Y ESTRAT\u00c9GICA, NEUROLING\u00dc\u00cdSTICA Y PSICOGENEALOG\u00cdA<\/span>\n\t\t\t\t\t\t\t\t\t<\/li>\n\t\t\t\t\t\t\t\t<li class=\"elementor-icon-list-item\">\n\t\t\t\t\t\t\t\t\t\t\t<span class=\"elementor-icon-list-icon\">\n\t\t\t\t\t\t\t<i aria-hidden=\"true\" class=\"fas fa-chevron-right\"><\/i>\t\t\t\t\t\t<\/span>\n\t\t\t\t\t\t\t\t\t\t<span class=\"elementor-icon-list-text\">CURSO EN OSTEOPAT\u00cdA VISCERAL<\/span>\n\t\t\t\t\t\t\t\t\t<\/li>\n\t\t\t\t\t\t<\/ul>\n\t\t\t\t<\/div>\n\t\t\t\t<\/div>\n\t\t\t\t<\/div>\n\t\t<div class=\"elementor-element elementor-element-89312e3 e-con-full e-flex e-con e-child\" data-id=\"89312e3\" data-element_type=\"container\">\n\t\t\t\t<\/div>\n\t\t\t\t\t<\/div>\n\t\t\t\t<\/div>\n\t\t<div class=\"elementor-element elementor-element-a74d785 e-flex e-con-boxed e-con e-parent\" data-id=\"a74d785\" data-element_type=\"container\" data-settings=\"{&quot;background_background&quot;:&quot;classic&quot;}\">\n\t\t\t\t\t<div class=\"e-con-inner\">\n\t\t<div class=\"elementor-element elementor-element-9727bf5 e-con-full e-flex e-con e-child\" data-id=\"9727bf5\" data-element_type=\"container\">\n\t\t\t\t<\/div>\n\t\t<div class=\"elementor-element elementor-element-787ec46 e-con-full e-flex e-con e-child\" data-id=\"787ec46\" data-element_type=\"container\">\n\t\t\t\t<div class=\"elementor-element elementor-element-c1c59bc elementor-widget elementor-widget-text-editor\" data-id=\"c1c59bc\" data-element_type=\"widget\" data-widget_type=\"text-editor.default\">\n\t\t\t\t<div class=\"elementor-widget-container\">\n\t\t\t<style>\/*! elementor - v3.21.0 - 25-04-2024 *\/\n.elementor-widget-text-editor.elementor-drop-cap-view-stacked .elementor-drop-cap{background-color:#69727d;color:#fff}.elementor-widget-text-editor.elementor-drop-cap-view-framed .elementor-drop-cap{color:#69727d;border:3px solid;background-color:transparent}.elementor-widget-text-editor:not(.elementor-drop-cap-view-default) .elementor-drop-cap{margin-top:8px}.elementor-widget-text-editor:not(.elementor-drop-cap-view-default) .elementor-drop-cap-letter{width:1em;height:1em}.elementor-widget-text-editor .elementor-drop-cap{float:left;text-align:center;line-height:1;font-size:50px}.elementor-widget-text-editor .elementor-drop-cap-letter{display:inline-block}<\/style>\t\t\t\t<h1 class=\"p1\"><span class=\"s1\">\u00bfPor qu\u00e9 mis sesiones son diferentes?<\/span><\/h1>\n<h4 class=\"p1\"><span class=\"s1\">Sencillamente porque a lo que me dedico es a escuchar a las personas, busco comprender sus vidas, respetando sus entornos y ayudarles a coprender porque tienen los s\u00edntomas que tienen, as\u00ed como encontrar las causas de la perpetuaci\u00f3n de los mismos, para juntos plantear pautas que se adapten lo mejor posible a esa vida que cada uno tiene. Me dedico a renfocar y devolver vidas, no a paliar s\u00edntomas.<\/span><\/h4>\t\t\t\t\t\t<\/div>\n\t\t\t\t<\/div>\n\t\t\t\t<\/div>\n\t\t\t\t\t<\/div>\n\t\t\t\t<\/div>\n\t\t<div class=\"elementor-element elementor-element-bbea80d e-flex e-con-boxed e-con e-parent\" data-id=\"bbea80d\" data-element_type=\"container\">\n\t\t\t\t\t<div class=\"e-con-inner\">\n\t\t<div class=\"elementor-element elementor-element-7a6b3a6 e-con-full e-flex e-con e-child\" data-id=\"7a6b3a6\" data-element_type=\"container\">\n\t\t\t\t<div class=\"elementor-element elementor-element-f22dd93 elementor-widget elementor-widget-text-editor\" data-id=\"f22dd93\" data-element_type=\"widget\" data-widget_type=\"text-editor.default\">\n\t\t\t\t<div class=\"elementor-widget-container\">\n\t\t\t\t\t\t\t<h2 class=\"p1\"><span class=\"s1\">\u00bfQu\u00e9 patolog\u00edas y disfunciones pueden verse beneficiadas de las sesiones conmigo?<\/span><\/h2>\t\t\t\t\t\t<\/div>\n\t\t\t\t<\/div>\n\t\t\t\t<\/div>\n\t\t<div class=\"elementor-element elementor-element-2b721dc e-con-full e-flex e-con e-child\" data-id=\"2b721dc\" data-element_type=\"container\">\n\t\t\t\t<\/div>\n\t\t<div class=\"elementor-element elementor-element-0475fbd e-con-full e-flex e-con e-child\" data-id=\"0475fbd\" data-element_type=\"container\">\n\t\t\t\t<\/div>\n\t\t<div class=\"elementor-element elementor-element-6da6896 e-con-full e-flex e-con e-child\" data-id=\"6da6896\" data-element_type=\"container\">\n\t\t\t\t<div class=\"elementor-element elementor-element-c5f8433 elementor-tabs-view-vertical elementor-widget elementor-widget-tabs\" data-id=\"c5f8433\" data-element_type=\"widget\" data-widget_type=\"tabs.default\">\n\t\t\t\t<div class=\"elementor-widget-container\">\n\t\t\t<style>\/*! elementor - v3.21.0 - 25-04-2024 *\/\n.elementor-widget-tabs.elementor-tabs-view-vertical .elementor-tabs-wrapper{width:25%;flex-shrink:0}.elementor-widget-tabs.elementor-tabs-view-vertical .elementor-tab-desktop-title.elementor-active{border-inline-end-style:none}.elementor-widget-tabs.elementor-tabs-view-vertical .elementor-tab-desktop-title.elementor-active:after,.elementor-widget-tabs.elementor-tabs-view-vertical .elementor-tab-desktop-title.elementor-active:before{height:999em;width:0;right:0;border-inline-end-style:solid}.elementor-widget-tabs.elementor-tabs-view-vertical .elementor-tab-desktop-title.elementor-active:before{top:0;transform:translateY(-100%)}.elementor-widget-tabs.elementor-tabs-view-vertical .elementor-tab-desktop-title.elementor-active:after{top:100%}.elementor-widget-tabs.elementor-tabs-view-horizontal .elementor-tab-desktop-title{display:table-cell}.elementor-widget-tabs.elementor-tabs-view-horizontal .elementor-tab-desktop-title.elementor-active{border-bottom-style:none}.elementor-widget-tabs.elementor-tabs-view-horizontal .elementor-tab-desktop-title.elementor-active:after,.elementor-widget-tabs.elementor-tabs-view-horizontal .elementor-tab-desktop-title.elementor-active:before{bottom:0;height:0;width:999em;border-bottom-style:solid}.elementor-widget-tabs.elementor-tabs-view-horizontal .elementor-tab-desktop-title.elementor-active:before{right:100%}.elementor-widget-tabs.elementor-tabs-view-horizontal .elementor-tab-desktop-title.elementor-active:after{left:100%}.elementor-widget-tabs .elementor-tab-content,.elementor-widget-tabs .elementor-tab-title,.elementor-widget-tabs .elementor-tab-title:after,.elementor-widget-tabs .elementor-tab-title:before,.elementor-widget-tabs .elementor-tabs-content-wrapper{border:1px #d5d8dc}.elementor-widget-tabs .elementor-tabs{text-align:start}.elementor-widget-tabs .elementor-tabs-wrapper{overflow:hidden}.elementor-widget-tabs .elementor-tab-title{cursor:pointer;outline:var(--focus-outline,none)}.elementor-widget-tabs .elementor-tab-desktop-title{position:relative;padding:20px 25px;font-weight:700;line-height:1;border:solid transparent}.elementor-widget-tabs .elementor-tab-desktop-title.elementor-active{border-color:#d5d8dc}.elementor-widget-tabs .elementor-tab-desktop-title.elementor-active:after,.elementor-widget-tabs .elementor-tab-desktop-title.elementor-active:before{display:block;content:\"\";position:absolute}.elementor-widget-tabs .elementor-tab-desktop-title:focus-visible{border:1px solid #000}.elementor-widget-tabs .elementor-tab-mobile-title{padding:10px;cursor:pointer}.elementor-widget-tabs .elementor-tab-content{padding:20px;display:none}@media (max-width:767px){.elementor-tabs .elementor-tab-content,.elementor-tabs .elementor-tab-title{border-style:solid solid none}.elementor-tabs .elementor-tabs-wrapper{display:none}.elementor-tabs .elementor-tabs-content-wrapper{border-bottom-style:solid}.elementor-tabs .elementor-tab-content{padding:10px}}@media (min-width:768px){.elementor-widget-tabs.elementor-tabs-view-vertical .elementor-tabs{display:flex}.elementor-widget-tabs.elementor-tabs-view-vertical .elementor-tabs-wrapper{flex-direction:column}.elementor-widget-tabs.elementor-tabs-view-vertical .elementor-tabs-content-wrapper{flex-grow:1;border-style:solid solid solid none}.elementor-widget-tabs.elementor-tabs-view-horizontal .elementor-tab-content{border-style:none solid solid}.elementor-widget-tabs.elementor-tabs-alignment-center .elementor-tabs-wrapper,.elementor-widget-tabs.elementor-tabs-alignment-end .elementor-tabs-wrapper,.elementor-widget-tabs.elementor-tabs-alignment-stretch .elementor-tabs-wrapper{display:flex}.elementor-widget-tabs.elementor-tabs-alignment-center .elementor-tabs-wrapper{justify-content:center}.elementor-widget-tabs.elementor-tabs-alignment-end .elementor-tabs-wrapper{justify-content:flex-end}.elementor-widget-tabs.elementor-tabs-alignment-stretch.elementor-tabs-view-horizontal .elementor-tab-title{width:100%}.elementor-widget-tabs.elementor-tabs-alignment-stretch.elementor-tabs-view-vertical .elementor-tab-title{height:100%}.elementor-tabs .elementor-tab-mobile-title{display:none}}<\/style>\t\t<div class=\"elementor-tabs\">\n\t\t\t<div class=\"elementor-tabs-wrapper\" role=\"tablist\" >\n\t\t\t\t\t\t\t\t\t<div id=\"elementor-tab-title-2071\" class=\"elementor-tab-title elementor-tab-desktop-title\" aria-selected=\"true\" data-tab=\"1\" role=\"tab\" tabindex=\"0\" aria-controls=\"elementor-tab-content-2071\" aria-expanded=\"false\">Digestivas<\/div>\n\t\t\t\t\t\t\t\t\t<div id=\"elementor-tab-title-2072\" class=\"elementor-tab-title elementor-tab-desktop-title\" aria-selected=\"false\" data-tab=\"2\" role=\"tab\" tabindex=\"-1\" aria-controls=\"elementor-tab-content-2072\" aria-expanded=\"false\">Inflamatorias<\/div>\n\t\t\t\t\t\t\t\t\t<div id=\"elementor-tab-title-2073\" class=\"elementor-tab-title elementor-tab-desktop-title\" aria-selected=\"false\" data-tab=\"3\" role=\"tab\" tabindex=\"-1\" aria-controls=\"elementor-tab-content-2073\" aria-expanded=\"false\">Autoinmunes<\/div>\n\t\t\t\t\t\t\t\t\t<div id=\"elementor-tab-title-2074\" class=\"elementor-tab-title elementor-tab-desktop-title\" aria-selected=\"false\" data-tab=\"4\" role=\"tab\" tabindex=\"-1\" aria-controls=\"elementor-tab-content-2074\" aria-expanded=\"false\">Ginecol\u00f3gicas<\/div>\n\t\t\t\t\t\t\t\t\t<div id=\"elementor-tab-title-2075\" class=\"elementor-tab-title elementor-tab-desktop-title\" aria-selected=\"false\" data-tab=\"5\" role=\"tab\" tabindex=\"-1\" aria-controls=\"elementor-tab-content-2075\" aria-expanded=\"false\">Cardiovasculares<\/div>\n\t\t\t\t\t\t\t\t\t<div id=\"elementor-tab-title-2076\" class=\"elementor-tab-title elementor-tab-desktop-title\" aria-selected=\"false\" data-tab=\"6\" role=\"tab\" tabindex=\"-1\" aria-controls=\"elementor-tab-content-2076\" aria-expanded=\"false\">Otras<\/div>\n\t\t\t\t\t\t\t<\/div>\n\t\t\t<div class=\"elementor-tabs-content-wrapper\" role=\"tablist\" aria-orientation=\"vertical\">\n\t\t\t\t\t\t\t\t\t<div class=\"elementor-tab-title elementor-tab-mobile-title\" aria-selected=\"true\" data-tab=\"1\" role=\"tab\" tabindex=\"0\" aria-controls=\"elementor-tab-content-2071\" aria-expanded=\"false\">Digestivas<\/div>\n\t\t\t\t\t<div id=\"elementor-tab-content-2071\" class=\"elementor-tab-content elementor-clearfix\" data-tab=\"1\" role=\"tabpanel\" aria-labelledby=\"elementor-tab-title-2071\" tabindex=\"0\" hidden=\"false\"><ul><li class=\"p1\"><span class=\"s1\">gastritis cr\u00f3nica<\/span><\/li><li><p class=\"p1\"><span class=\"s1\">hipoclorh\u00eddria<\/span><\/p><\/li><li><p class=\"p1\"><span class=\"s1\">Insuficiencia-Pancreatico-Exocrina<\/span><\/p><\/li><li><p class=\"p1\"><span class=\"s1\">Dolor de barriga<\/span><\/p><\/li><li><p class=\"p1\"><span class=\"s1\">Reflujos-ardor-acidez<\/span><\/p><\/li><li><p class=\"p1\"><span class=\"s1\">Diarrea y\/o estre\u00f1imiento<\/span><\/p><\/li><li><p class=\"p1\"><span class=\"s1\">N\u00e1useas-Eructos<\/span><\/p><\/li><li><p class=\"p1\"><span class=\"s1\">Hinchaz\u00f3n abdominal<\/span><\/p><\/li><li><p class=\"p1\"><span class=\"s1\">Gases<\/span><\/p><\/li><li><p class=\"p1\"><span class=\"s1\">Cansancio\/Falta de energ\u00eda<\/span><\/p><\/li><li><p class=\"p1\"><span class=\"s1\">Depresi\u00f3n-Distimia<\/span><\/p><\/li><li><p class=\"p1\"><span class=\"s1\">Mal humor-desequilibrios emocionales<\/span><\/p><\/li><\/ul><\/div>\n\t\t\t\t\t\t\t\t\t<div class=\"elementor-tab-title elementor-tab-mobile-title\" aria-selected=\"false\" data-tab=\"2\" role=\"tab\" tabindex=\"-1\" aria-controls=\"elementor-tab-content-2072\" aria-expanded=\"false\">Inflamatorias<\/div>\n\t\t\t\t\t<div id=\"elementor-tab-content-2072\" class=\"elementor-tab-content elementor-clearfix\" data-tab=\"2\" role=\"tabpanel\" aria-labelledby=\"elementor-tab-title-2072\" tabindex=\"0\" hidden=\"hidden\"><ul><li><p class=\"p1\"><span class=\"s1\">alergias<\/span><\/p><\/li><li><p class=\"p1\"><span class=\"s1\">intolerancias<\/span><\/p><\/li><li><p class=\"p1\"><span class=\"s1\">fibromialgia<\/span><\/p><\/li><li><p class=\"p1\"><span class=\"s1\">artrosis<\/span><\/p><\/li><li><p class=\"p1\"><span class=\"s1\">osteoporosis<\/span><\/p><\/li><li><p class=\"p1\"><span class=\"s1\">asma<\/span><\/p><\/li><li><p class=\"p1\"><span class=\"s1\">SIBO<\/span><\/p><\/li><\/ul><\/div>\n\t\t\t\t\t\t\t\t\t<div class=\"elementor-tab-title elementor-tab-mobile-title\" aria-selected=\"false\" data-tab=\"3\" role=\"tab\" tabindex=\"-1\" aria-controls=\"elementor-tab-content-2073\" aria-expanded=\"false\">Autoinmunes<\/div>\n\t\t\t\t\t<div id=\"elementor-tab-content-2073\" class=\"elementor-tab-content elementor-clearfix\" data-tab=\"3\" role=\"tabpanel\" aria-labelledby=\"elementor-tab-title-2073\" tabindex=\"0\" hidden=\"hidden\"><ul><li class=\"p1\"><span class=\"s1\">s\u00edndrome de intestino irritable<\/span><\/li><li><p class=\"p1\"><span class=\"s1\">colon irritable<\/span><\/p><\/li><li><p class=\"p1\"><span class=\"s1\">colitis ulcerosa<\/span><\/p><\/li><li><p class=\"p1\"><span class=\"s1\">artritis reumatoide<\/span><\/p><\/li><li><p class=\"p1\"><span class=\"s1\">enfermedad de Chron<\/span><\/p><\/li><li><p class=\"p1\"><span class=\"s1\">esclerosis m\u00faltiple<\/span><\/p><\/li><li><p class=\"p1\"><span class=\"s1\">psoriasis<\/span><\/p><\/li><li><p class=\"p1\"><span class=\"s1\">hipotiroidismo (hashimoto)<\/span><\/p><\/li><\/ul><\/div>\n\t\t\t\t\t\t\t\t\t<div class=\"elementor-tab-title elementor-tab-mobile-title\" aria-selected=\"false\" data-tab=\"4\" role=\"tab\" tabindex=\"-1\" aria-controls=\"elementor-tab-content-2074\" aria-expanded=\"false\">Ginecol\u00f3gicas<\/div>\n\t\t\t\t\t<div id=\"elementor-tab-content-2074\" class=\"elementor-tab-content elementor-clearfix\" data-tab=\"4\" role=\"tabpanel\" aria-labelledby=\"elementor-tab-title-2074\" tabindex=\"0\" hidden=\"hidden\"><ul><li><p class=\"p1\"><span class=\"s1\">dismenorrea<\/span><\/p><\/li><li><p class=\"p1\"><span class=\"s1\">amenorreas<\/span><\/p><\/li><li><p class=\"p1\"><span class=\"s1\">s\u00edndrome de ovario poliquistico<\/span><\/p><\/li><li><p class=\"p1\"><span class=\"s1\">fertilidad<\/span><\/p><\/li><\/ul><\/div>\n\t\t\t\t\t\t\t\t\t<div class=\"elementor-tab-title elementor-tab-mobile-title\" aria-selected=\"false\" data-tab=\"5\" role=\"tab\" tabindex=\"-1\" aria-controls=\"elementor-tab-content-2075\" aria-expanded=\"false\">Cardiovasculares<\/div>\n\t\t\t\t\t<div id=\"elementor-tab-content-2075\" class=\"elementor-tab-content elementor-clearfix\" data-tab=\"5\" role=\"tabpanel\" aria-labelledby=\"elementor-tab-title-2075\" tabindex=\"0\" hidden=\"hidden\"><ul><li class=\"p1\"><span class=\"s1\">hipertension arterial<\/span><\/li><li><p class=\"p1\"><span class=\"s1\">hipercolesterolemia<\/span><\/p><\/li><li><p class=\"p1\"><span class=\"s1\">h\u00edgado graso no alcoh\u00f3lico<\/span><\/p><\/li><li><p class=\"p1\"><span class=\"s1\">s\u00edndrome metab\u00f3lico<\/span><\/p><\/li><li><p class=\"p1\"><span class=\"s1\">diabetes tipo 2<\/span><\/p><\/li><li><p class=\"p1\"><span class=\"s1\">aterioesclerosis<\/span><\/p><\/li><\/ul><\/div>\n\t\t\t\t\t\t\t\t\t<div class=\"elementor-tab-title elementor-tab-mobile-title\" aria-selected=\"false\" data-tab=\"6\" role=\"tab\" tabindex=\"-1\" aria-controls=\"elementor-tab-content-2076\" aria-expanded=\"false\">Otras<\/div>\n\t\t\t\t\t<div id=\"elementor-tab-content-2076\" class=\"elementor-tab-content elementor-clearfix\" data-tab=\"6\" role=\"tabpanel\" aria-labelledby=\"elementor-tab-title-2076\" tabindex=\"0\" hidden=\"hidden\"><ul><li><p class=\"p1\"><span class=\"s1\">Migra\u00f1as<\/span><\/p><\/li><li><p class=\"p1\"><span class=\"s1\">Dolor de Cabeza<\/span><\/p><\/li><li><p class=\"p1\"><span class=\"s1\">Niebla mental<\/span><\/p><\/li><li><p class=\"p1\"><span class=\"s1\">Embotamiento<\/span><\/p><\/li><li><p class=\"p1\"><span class=\"s1\">Fatiga cr\u00f3nica<\/span><\/p><\/li><li><p class=\"p1\"><span class=\"s1\">Peor rendimiento en el d\u00eda a d\u00eda<\/span><\/p><\/li><li><p class=\"p1\"><span class=\"s1\">Peor calidad de vida<\/span><\/p><\/li><\/ul><\/div>\n\t\t\t\t\t\t\t<\/div>\n\t\t<\/div>\n\t\t\t\t<\/div>\n\t\t\t\t<\/div>\n\t\t\t\t<\/div>\n\t\t\t\t\t<\/div>\n\t\t\t\t<\/div>\n\t\t\t\t<\/div>\n\t\t","protected":false},"excerpt":{"rendered":"<p>GRADO EN BIOQU\u00cdMICA POR LA UNIVERSIDAD DE BARCELONA M\u00c1STER EN PSICONEUROINMUNOLOG\u00cdA CL\u00cdNICA M\u00c1STER EN MONITORIZACI\u00d3N DE ENSAYOS CL\u00cdNICOS Y DESARROLLO FARMAC\u00c9UTICO M\u00c1STER EN NUTRICI\u00d3N, DIET\u00c9TICA Y COACHING NUTRICIONAL POSGRADO DE MICROBIOTA HUMANA CURSO TERAPIA BREVE Y ESTRAT\u00c9GICA, NEUROLING\u00dc\u00cdSTICA Y PSICOGENEALOG\u00cdA CURSO EN OSTEOPAT\u00cdA VISCERAL \u00bfPor qu\u00e9 mis sesiones son diferentes? Sencillamente porque a lo que &hellip;<\/p>\n<p class=\"read-more\"> <a class=\"\" href=\"https:\/\/anahealthcoach.es\/?page_id=924\"> <span class=\"screen-reader-text\">Sobre m\u00ed<\/span> Leer m\u00e1s &raquo;<\/a><\/p>\n","protected":false},"author":1,"featured_media":0,"parent":34,"menu_order":5,"comment_status":"closed","ping_status":"closed","template":"","meta":{"site-sidebar-layout":"no-sidebar","site-content-layout":"","ast-site-content-layout":"full-width-container","site-content-style":"default","site-sidebar-style":"default","ast-global-header-display":"","ast-banner-title-visibility":"","ast-main-header-display":"","ast-hfb-above-header-display":"","ast-hfb-below-header-display":"","ast-hfb-mobile-header-display":"","site-post-title":"disabled","ast-breadcrumbs-content":"","ast-featured-img":"disabled","footer-sml-layout":"","theme-transparent-header-meta":"","adv-header-id-meta":"","stick-header-meta":"","header-above-stick-meta":"","header-main-stick-meta":"","header-below-stick-meta":"","astra-migrate-meta-layouts":"","ast-page-background-enabled":"default","ast-page-background-meta":{"desktop":{"background-color":"var(--ast-global-color-4)","background-image":"","background-repeat":"repeat","background-position":"center center","background-size":"auto","background-attachment":"scroll","background-type":"","background-media":"","overlay-type":"","overlay-color":"","overlay-gradient":""},"tablet":{"background-color":"","background-image":"","background-repeat":"repeat","background-position":"center center","background-size":"auto","background-attachment":"scroll","background-type":"","background-media":"","overlay-type":"","overlay-color":"","overlay-gradient":""},"mobile":{"background-color":"","background-image":"","background-repeat":"repeat","background-position":"center center","background-size":"auto","background-attachment":"scroll","background-type":"","background-media":"","overlay-type":"","overlay-color":"","overlay-gradient":""}},"ast-content-background-meta":{"desktop":{"background-color":"var(--ast-global-color-5)","background-image":"","background-repeat":"repeat","background-position":"center center","background-size":"auto","background-attachment":"scroll","background-type":"","background-media":"","overlay-type":"","overlay-color":"","overlay-gradient":""},"tablet":{"background-color":"var(--ast-global-color-5)","background-image":"","background-repeat":"repeat","background-position":"center center","background-size":"auto","background-attachment":"scroll","background-type":"","background-media":"","overlay-type":"","overlay-color":"","overlay-gradient":""},"mobile":{"background-color":"var(--ast-global-color-5)","background-image":"","background-repeat":"repeat","background-position":"center center","background-size":"auto","background-attachment":"scroll","background-type":"","background-media":"","overlay-type":"","overlay-color":"","overlay-gradient":""}},"footnotes":""},"_links":{"self":[{"href":"https:\/\/anahealthcoach.es\/index.php?rest_route=\/wp\/v2\/pages\/924"}],"collection":[{"href":"https:\/\/anahealthcoach.es\/index.php?rest_route=\/wp\/v2\/pages"}],"about":[{"href":"https:\/\/anahealthcoach.es\/index.php?rest_route=\/wp\/v2\/types\/page"}],"author":[{"embeddable":true,"href":"https:\/\/anahealthcoach.es\/index.php?rest_route=\/wp\/v2\/users\/1"}],"replies":[{"embeddable":true,"href":"https:\/\/anahealthcoach.es\/index.php?rest_route=%2Fwp%2Fv2%2Fcomments&post=924"}],"version-history":[{"count":158,"href":"https:\/\/anahealthcoach.es\/index.php?rest_route=\/wp\/v2\/pages\/924\/revisions"}],"predecessor-version":[{"id":1120,"href":"https:\/\/anahealthcoach.es\/index.php?rest_route=\/wp\/v2\/pages\/924\/revisions\/1120"}],"up":[{"embeddable":true,"href":"https:\/\/anahealthcoach.es\/index.php?rest_route=\/wp\/v2\/pages\/34"}],"wp:attachment":[{"href":"https:\/\/anahealthcoach.es\/index.php?rest_route=%2Fwp%2Fv2%2Fmedia&parent=924"}],"curies":[{"name":"wp","href":"https:\/\/api.w.org\/{rel}","templated":true}]}}